{"id":293,"date":"2020-08-21T13:11:43","date_gmt":"2020-08-21T13:11:43","guid":{"rendered":"https:\/\/brenzikofen.vogt-elektro.ch\/?page_id=293"},"modified":"2025-06-10T08:59:15","modified_gmt":"2025-06-10T08:59:15","slug":"steuern-und-gebuehren","status":"publish","type":"page","link":"https:\/\/brenzikofen.ch\/index.php\/verwaltung\/steuern-und-gebuehren\/","title":{"rendered":"Steuern und Geb\u00fchren"},"content":{"rendered":"\n<p><strong>STEUERANS\u00c4TZE<\/strong><\/p>\n\n\n\n<p>Steueranlage: 1.86 Einheiten<br>Liegenschaftssteuer: 1,2 %o des amtlichen Wertes<br>Hundetaxe: 50 Franken pro Hund<br>Feuerwehrsteuer: 15,3 % der Einfachen Steuer, mind. 100 Franken max. 450 Franken<\/p>\n\n\n\n<p><strong>GEB\u00dcHRENANS\u00c4TZE<\/strong><\/p>\n\n\n\n<p><strong>Wasserversorgung<\/strong><\/p>\n\n\n\n<p>Grundgeb\u00fchr (Auszug):<\/p>\n\n\n\n<ul>\n<li>pro Hausanschluss\u00a0100 Franken<\/li>\n\n\n\n<li>pro Wohnung, Studio, Mansarde (K\u00fcche, Bad)\u00a070 Franken<\/li>\n\n\n\n<li>pro Gewerbe, landwirtschaftliches Gewerbe\u00a070 Franken<\/li>\n<\/ul>\n\n\n\n<p>Verbrauchsgeb\u00fchr:<\/p>\n\n\n\n<ul>\n<li>1.10 Franken pro bezogenem m3 Wasser<\/li>\n<\/ul>\n\n\n\n<p>Weitere Angaben sind im Wasserversorgungsreglement ersichtlich.<\/p>\n\n\n\n<p><strong>Abwasserentsorgung<\/strong><\/p>\n\n\n\n<p>Grundgeb\u00fchr (Auszug):<\/p>\n\n\n\n<ul>\n<li>pro Hausanschluss\u00a0100 Franken<\/li>\n\n\n\n<li>pro Wohnung, Studio, Mansarde (K\u00fcche, Bad)\u00a070 Franken<\/li>\n\n\n\n<li>pro Gewerbe, landwirtschaftliches Gewerbe\u00a070 Franken<\/li>\n<\/ul>\n\n\n\n<p>Verbrauchsgeb\u00fchr:<\/p>\n\n\n\n<ul>\n<li>2.50 Franken pro m3 eingeleitetes Abwasser<\/li>\n<\/ul>\n\n\n\n<p>Weitere Angaben sind im Abwasserentsorgungsreglement ersichtlich.<\/p>\n\n\n\n<p><strong>Abfallbeseitigung<\/strong><\/p>\n\n\n\n<p>Grundgeb\u00fchr (Auszug):<\/p>\n\n\n\n<ul>\n<li>1 \u2013 2 Zimmerwohnung\u00a050 Franken<\/li>\n\n\n\n<li>3 \u2013 4 Zimmerwohnung\u00a090 Franken<\/li>\n\n\n\n<li>ab 5 Zimmerwohnung\u00a0120 Franken<\/li>\n\n\n\n<li>Ferienwohnung\u00a0120 Franken<\/li>\n\n\n\n<li>Gastwirtschafsbetriebe, Kantinen, Verkaufsgesch\u00e4fte,\u00a0\u00a0Gewerbebetriebe, \u00f6ffentliche Geb\u00e4ude\u00a0260 Franken<\/li>\n\n\n\n<li>Campingplatz pro Platz\u00a060 Franken<\/li>\n<\/ul>\n\n\n\n<p>Weitere Angaben sind im Abfallreglement ersichtlich.<\/p>\n\n\n\n<p><strong>Sackgeb\u00fchren AVAG<\/strong><\/p>\n\n\n\n<p><a href=\"http:\/\/www.avag.ch\/gemeinden\/sackgebuehren.html\" target=\"_blank\" rel=\"noreferrer noopener\">www.avag.ch\/gemeinden\/sackgebuehren.html<\/a><\/p>\n\n\n\n<p><strong>Containerplomben Gewerbecontainer 800l<\/strong><\/p>\n\n\n\n<ul>\n<li>25 Franken pro Containerplombe<\/li>\n<\/ul>\n\n\n\n<p>Die Geb\u00fchrenmarken f\u00fcr Abfalls\u00e4cke sind praktisch in jedem Lebensmittelgesch\u00e4ft erh\u00e4ltlich, in Brenzikofen im Prima-Laden, nicht aber auf der Gemeindeverwaltung.<\/p>\n\n\n\n<p>Die Containerplomben f\u00fcr Gewerbecontainer k\u00f6nnen ausschliesslich auf der Gemeindeverwaltung Brenzikofen bezogen werden.<\/p>\n","protected":false},"excerpt":{"rendered":"<p>STEUERANS\u00c4TZE Steueranlage: 1.86 EinheitenLiegenschaftssteuer: 1,2 %o des amtlichen WertesHundetaxe: 50 Franken pro HundFeuerwehrsteuer: 15,3 % der Einfachen Steuer, mind. 100 Franken max. 450 Franken GEB\u00dcHRENANS\u00c4TZE Wasserversorgung Grundgeb\u00fchr (Auszug): Verbrauchsgeb\u00fchr: Weitere Angaben sind im Wasserversorgungsreglement ersichtlich. Abwasserentsorgung Grundgeb\u00fchr (Auszug): Verbrauchsgeb\u00fchr: Weitere Angaben sind im Abwasserentsorgungsreglement ersichtlich. Abfallbeseitigung Grundgeb\u00fchr (Auszug): Weitere Angaben sind im Abfallreglement ersichtlich. Sackgeb\u00fchren [&hellip;]<\/p>\n","protected":false},"author":1,"featured_media":0,"parent":199,"menu_order":0,"comment_status":"closed","ping_status":"closed","template":"","meta":{"_expiration-date-status":"saved","_expiration-date":0,"_expiration-date-type":"","_expiration-date-categories":[],"_expiration-date-options":[],"footnotes":""},"_links":{"self":[{"href":"https:\/\/brenzikofen.ch\/index.php\/wp-json\/wp\/v2\/pages\/293"}],"collection":[{"href":"https:\/\/brenzikofen.ch\/index.php\/wp-json\/wp\/v2\/pages"}],"about":[{"href":"https:\/\/brenzikofen.ch\/index.php\/wp-json\/wp\/v2\/types\/page"}],"author":[{"embeddable":true,"href":"https:\/\/brenzikofen.ch\/index.php\/wp-json\/wp\/v2\/users\/1"}],"replies":[{"embeddable":true,"href":"https:\/\/brenzikofen.ch\/index.php\/wp-json\/wp\/v2\/comments?post=293"}],"version-history":[{"count":3,"href":"https:\/\/brenzikofen.ch\/index.php\/wp-json\/wp\/v2\/pages\/293\/revisions"}],"predecessor-version":[{"id":2169,"href":"https:\/\/brenzikofen.ch\/index.php\/wp-json\/wp\/v2\/pages\/293\/revisions\/2169"}],"up":[{"embeddable":true,"href":"https:\/\/brenzikofen.ch\/index.php\/wp-json\/wp\/v2\/pages\/199"}],"wp:attachment":[{"href":"https:\/\/brenzikofen.ch\/index.php\/wp-json\/wp\/v2\/media?parent=293"}],"curies":[{"name":"wp","href":"https:\/\/api.w.org\/{rel}","templated":true}]}}