{"id":210,"date":"2020-06-26T12:38:55","date_gmt":"2020-06-26T12:38:55","guid":{"rendered":"https:\/\/brenzikofen.vogt-elektro.ch\/?page_id=210"},"modified":"2026-03-04T08:48:39","modified_gmt":"2026-03-04T08:48:39","slug":"vereine","status":"publish","type":"page","link":"https:\/\/brenzikofen.ch\/index.php\/vereine\/","title":{"rendered":"Vereine"},"content":{"rendered":"\n<figure class=\"wp-block-table\"><table><tbody><tr><td><strong>Deltateam Falkenfluh<\/strong><\/td><td>Steiner Markus<br>B\u00e4chelmatt 49<br>3127 Lohnstorf<\/td><td>M: 079 653 14 19<br><a href=\"susal@aol.ch\" data-type=\"URL\" data-id=\"susal@aol.ch\">susal@aol.ch<\/a><br><a href=\"http:\/\/www.falkenflue.jimdo.com\">www.falkenflue.jimdo.com<\/a><\/td><\/tr><tr><td>&nbsp;<strong>Erlebnisweg Brenzikofen<\/strong><\/td><td>L\u00fcthi Sabine<br>Mattlisb\u00fchl 20<br>3671 Brenzikofen<\/td><td>P: 079 230 75 75<br><a href=\"mailto:info@erlebnisweg-brenzikofen.ch\">info@erlebnisweg-brenzikofen.ch<\/a><br><a href=\"http:\/\/www.erlebnisweg-brenzikofen.ch\/\">www.erlebnisweg-brenzikofen.ch<\/a><\/td><\/tr><tr><td><strong>Gemeinn\u00fctziger Frauenverein<\/strong><\/td><td>Studer-Spahr Marianne<br>Gwattstrasse 99<br>3645 Gwatt<\/td><td>P: 031 771 12 81<br><a href=\"mailto:ms-frauenverein@gmx.ch\">ms-frauenverein@gmx.ch<\/a><\/td><\/tr><tr><td><strong>Ortsverein Brenzikofen plus<\/strong><\/td><td>Berger Urs<br>Bleikenstrasse 1<br>3671 Brenzikofen<\/td><td>P: 079 383 43 63<br><a href=\"mailto:urs.berger69@gmail.com\" data-type=\"mailto\" data-id=\"mailto:urs.berger69@gmail.com\">urs.berger69@gmail.com<\/a><\/td><\/tr><tr><td><strong>Falkenfluh Sch\u00fctzen<\/strong><\/td><td>Lanz Marc<br>Oberzelgweg 5<br>3672 Aeschlen<\/td><td>M: 079 265 46 29<br><\/td><\/tr><\/tbody><\/table><\/figure>\n\n\n\n<p><strong>Informationen aus den Vereinen:<\/strong><\/p>\n\n\n\n<div class=\"wp-block-file\"><a id=\"wp-block-file--media-9f4a681c-30f5-49b1-9f21-59d2a9843bbe\" href=\"https:\/\/brenzikofen.ch\/wp-content\/uploads\/2026\/03\/Frauenverein-Brenzikofen-Taetigkeitsprogramm-2026-2027.pdf\">Frauenverein: T\u00e4tigkeitsprogramm 2026\/27<\/a><a href=\"https:\/\/brenzikofen.ch\/wp-content\/uploads\/2026\/03\/Frauenverein-Brenzikofen-Taetigkeitsprogramm-2026-2027.pdf\" class=\"wp-block-file__button wp-element-button\" download aria-describedby=\"wp-block-file--media-9f4a681c-30f5-49b1-9f21-59d2a9843bbe\">Herunterladen<\/a><\/div>\n\n\n\n<div class=\"wp-block-file\"><a id=\"wp-block-file--media-de05e359-7a74-4835-84db-0b08563254ea\" href=\"https:\/\/brenzikofen.ch\/wp-content\/uploads\/2026\/03\/Frauenverein-Brenzikofen-Anlaesse-Seniorinnen-und-Senioren.pdf\">Frauenverein Brenzikofen: Anl\u00e4sse Seniorinnen und Senioren 2026\/27<\/a><a href=\"https:\/\/brenzikofen.ch\/wp-content\/uploads\/2026\/03\/Frauenverein-Brenzikofen-Anlaesse-Seniorinnen-und-Senioren.pdf\" class=\"wp-block-file__button wp-element-button\" download aria-describedby=\"wp-block-file--media-de05e359-7a74-4835-84db-0b08563254ea\">Herunterladen<\/a><\/div>\n\n\n\n<div class=\"wp-block-file\"><a id=\"wp-block-file--media-4486658d-bab2-473f-a141-e6c3b17dd22e\" href=\"https:\/\/brenzikofen.ch\/wp-content\/uploads\/2026\/03\/Schiesstage-2026.pdf\">Sch\u00fctzenverein: Schiesstage 2026<\/a><a href=\"https:\/\/brenzikofen.ch\/wp-content\/uploads\/2026\/03\/Schiesstage-2026.pdf\" class=\"wp-block-file__button wp-element-button\" download aria-describedby=\"wp-block-file--media-4486658d-bab2-473f-a141-e6c3b17dd22e\">Herunterladen<\/a><\/div>\n\n\n\n<p><\/p>\n","protected":false},"excerpt":{"rendered":"<p>Deltateam Falkenfluh Steiner MarkusB\u00e4chelmatt 493127 Lohnstorf M: 079 653 14 19susal@aol.chwww.falkenflue.jimdo.com &nbsp;Erlebnisweg Brenzikofen L\u00fcthi SabineMattlisb\u00fchl 203671 Brenzikofen P: 079 230 75 75info@erlebnisweg-brenzikofen.chwww.erlebnisweg-brenzikofen.ch Gemeinn\u00fctziger Frauenverein Studer-Spahr MarianneGwattstrasse 993645 Gwatt P: 031 771 12 81ms-frauenverein@gmx.ch Ortsverein Brenzikofen plus Berger UrsBleikenstrasse 13671 Brenzikofen P: 079 383 43 63urs.berger69@gmail.com Falkenfluh Sch\u00fctzen Lanz MarcOberzelgweg 53672 Aeschlen M: 079 265 46 [&hellip;]<\/p>\n","protected":false},"author":1,"featured_media":0,"parent":0,"menu_order":0,"comment_status":"closed","ping_status":"closed","template":"","meta":{"_expiration-date-status":"saved","_expiration-date":0,"_expiration-date-type":"","_expiration-date-categories":[],"_expiration-date-options":[],"footnotes":""},"_links":{"self":[{"href":"https:\/\/brenzikofen.ch\/index.php\/wp-json\/wp\/v2\/pages\/210"}],"collection":[{"href":"https:\/\/brenzikofen.ch\/index.php\/wp-json\/wp\/v2\/pages"}],"about":[{"href":"https:\/\/brenzikofen.ch\/index.php\/wp-json\/wp\/v2\/types\/page"}],"author":[{"embeddable":true,"href":"https:\/\/brenzikofen.ch\/index.php\/wp-json\/wp\/v2\/users\/1"}],"replies":[{"embeddable":true,"href":"https:\/\/brenzikofen.ch\/index.php\/wp-json\/wp\/v2\/comments?post=210"}],"version-history":[{"count":26,"href":"https:\/\/brenzikofen.ch\/index.php\/wp-json\/wp\/v2\/pages\/210\/revisions"}],"predecessor-version":[{"id":2390,"href":"https:\/\/brenzikofen.ch\/index.php\/wp-json\/wp\/v2\/pages\/210\/revisions\/2390"}],"wp:attachment":[{"href":"https:\/\/brenzikofen.ch\/index.php\/wp-json\/wp\/v2\/media?parent=210"}],"curies":[{"name":"wp","href":"https:\/\/api.w.org\/{rel}","templated":true}]}}