{"id":173,"date":"2020-06-26T11:27:52","date_gmt":"2020-06-26T11:27:52","guid":{"rendered":"https:\/\/brenzikofen.vogt-elektro.ch\/?page_id=173"},"modified":"2022-01-20T14:30:48","modified_gmt":"2022-01-20T14:30:48","slug":"wasser-abwasserkommission","status":"publish","type":"page","link":"https:\/\/brenzikofen.ch\/index.php\/gemeinde\/kommissionen\/wasser-abwasserkommission\/","title":{"rendered":"Wasser-\/Abwasserkommission"},"content":{"rendered":"\n<figure class=\"wp-block-table\"><table><tbody><tr><td><strong>Sabrina Oppliger<\/strong><br>Pr\u00e4sidentin<\/td><td>B\u00e4llizstrasse 16<br>3671 Brenzikofen<\/td><td>M: 079 238 55 92<\/td><\/tr><tr><td><strong>Patrick Reusser<br><\/strong>Brunnenmeister<\/td><td>Dorfstrasse 13<br>3671 Brenzikofen<\/td><td>P: 031 771 05 17<\/td><\/tr><tr><td><strong>Sandra Kr\u00e4henb\u00fchl<\/strong><\/td><td>Chatzestyg 2<br>3671 Brenzikofen<\/td><td>M: 079 452 93 89<\/td><\/tr><tr><td><strong>Ren\u00e9 L\u00fcthi<\/strong><\/td><td>Mattlisb\u00fchl 20<br>3671 Brenzikofen<\/td><td>P: 031 771 33 55<\/td><\/tr><\/tbody><\/table><\/figure>\n\n\n\n<p><\/p>\n","protected":false},"excerpt":{"rendered":"<p>Sabrina OppligerPr\u00e4sidentin B\u00e4llizstrasse 163671 Brenzikofen M: 079 238 55 92 Patrick ReusserBrunnenmeister Dorfstrasse 133671 Brenzikofen P: 031 771 05 17 Sandra Kr\u00e4henb\u00fchl Chatzestyg 23671 Brenzikofen M: 079 452 93 89 Ren\u00e9 L\u00fcthi Mattlisb\u00fchl 203671 Brenzikofen P: 031 771 33 55<\/p>\n","protected":false},"author":1,"featured_media":0,"parent":163,"menu_order":0,"comment_status":"closed","ping_status":"closed","template":"","meta":{"_expiration-date-status":"saved","_expiration-date":0,"_expiration-date-type":"","_expiration-date-categories":[],"_expiration-date-options":[],"footnotes":""},"_links":{"self":[{"href":"https:\/\/brenzikofen.ch\/index.php\/wp-json\/wp\/v2\/pages\/173"}],"collection":[{"href":"https:\/\/brenzikofen.ch\/index.php\/wp-json\/wp\/v2\/pages"}],"about":[{"href":"https:\/\/brenzikofen.ch\/index.php\/wp-json\/wp\/v2\/types\/page"}],"author":[{"embeddable":true,"href":"https:\/\/brenzikofen.ch\/index.php\/wp-json\/wp\/v2\/users\/1"}],"replies":[{"embeddable":true,"href":"https:\/\/brenzikofen.ch\/index.php\/wp-json\/wp\/v2\/comments?post=173"}],"version-history":[{"count":4,"href":"https:\/\/brenzikofen.ch\/index.php\/wp-json\/wp\/v2\/pages\/173\/revisions"}],"predecessor-version":[{"id":1018,"href":"https:\/\/brenzikofen.ch\/index.php\/wp-json\/wp\/v2\/pages\/173\/revisions\/1018"}],"up":[{"embeddable":true,"href":"https:\/\/brenzikofen.ch\/index.php\/wp-json\/wp\/v2\/pages\/163"}],"wp:attachment":[{"href":"https:\/\/brenzikofen.ch\/index.php\/wp-json\/wp\/v2\/media?parent=173"}],"curies":[{"name":"wp","href":"https:\/\/api.w.org\/{rel}","templated":true}]}}