{"id":171,"date":"2020-06-26T11:26:32","date_gmt":"2020-06-26T11:26:32","guid":{"rendered":"https:\/\/brenzikofen.vogt-elektro.ch\/?page_id=171"},"modified":"2025-08-21T13:05:18","modified_gmt":"2025-08-21T13:05:18","slug":"schulkommission","status":"publish","type":"page","link":"https:\/\/brenzikofen.ch\/index.php\/gemeinde\/kommissionen\/schulkommission\/","title":{"rendered":"Schulkommission"},"content":{"rendered":"\n<figure class=\"wp-block-table\"><table><tbody><tr><td><strong>Thomas Kr\u00e4henb\u00fchl<br><\/strong>Pr\u00e4sident<\/td><td>Dorfstrasse 19b<br>3671 Brenzikofen<\/td><td>M: 079 843 79 69<\/td><\/tr><tr><td><strong>Monika Sch\u00fcpbach<\/strong><br>Vize-Pr\u00e4sidentin<\/td><td>Dorfstrasse 9e<br>3671 Herbligen<\/td><td><\/td><\/tr><tr><td><strong>Cornelia Gsponer<\/strong><\/td><td>Bahnhofplatz 4<br>3671 Brenzikofen<\/td><td>M: 079 775 42 22<\/td><\/tr><tr><td><strong>Martina M\u00fchlethaler<\/strong><\/td><td>B\u00e4llizstrasse 35<br>3671 Brenzikofen<\/td><td>P: 076 409 53 33<\/td><\/tr><tr><td><strong>Natalie B\u00f6ttcher<\/strong><\/td><td>Dorfstrasse 9d<br>3671 Herbligen<\/td><td><\/td><\/tr><tr><td><strong>Angelika Bachmann<\/strong><\/td><td>Helisb\u00fchlstrasse 23<br>3671 Herbligen<\/td><td><\/td><\/tr><\/tbody><\/table><\/figure>\n\n\n\n<p><\/p>\n","protected":false},"excerpt":{"rendered":"<p>Thomas Kr\u00e4henb\u00fchlPr\u00e4sident Dorfstrasse 19b3671 Brenzikofen M: 079 843 79 69 Monika Sch\u00fcpbachVize-Pr\u00e4sidentin Dorfstrasse 9e3671 Herbligen Cornelia Gsponer Bahnhofplatz 43671 Brenzikofen M: 079 775 42 22 Martina M\u00fchlethaler B\u00e4llizstrasse 353671 Brenzikofen P: 076 409 53 33 Natalie B\u00f6ttcher Dorfstrasse 9d3671 Herbligen Angelika Bachmann Helisb\u00fchlstrasse 233671 Herbligen<\/p>\n","protected":false},"author":1,"featured_media":0,"parent":163,"menu_order":0,"comment_status":"closed","ping_status":"closed","template":"","meta":{"_expiration-date-status":"saved","_expiration-date":0,"_expiration-date-type":"","_expiration-date-categories":[],"_expiration-date-options":[],"footnotes":""},"_links":{"self":[{"href":"https:\/\/brenzikofen.ch\/index.php\/wp-json\/wp\/v2\/pages\/171"}],"collection":[{"href":"https:\/\/brenzikofen.ch\/index.php\/wp-json\/wp\/v2\/pages"}],"about":[{"href":"https:\/\/brenzikofen.ch\/index.php\/wp-json\/wp\/v2\/types\/page"}],"author":[{"embeddable":true,"href":"https:\/\/brenzikofen.ch\/index.php\/wp-json\/wp\/v2\/users\/1"}],"replies":[{"embeddable":true,"href":"https:\/\/brenzikofen.ch\/index.php\/wp-json\/wp\/v2\/comments?post=171"}],"version-history":[{"count":8,"href":"https:\/\/brenzikofen.ch\/index.php\/wp-json\/wp\/v2\/pages\/171\/revisions"}],"predecessor-version":[{"id":2222,"href":"https:\/\/brenzikofen.ch\/index.php\/wp-json\/wp\/v2\/pages\/171\/revisions\/2222"}],"up":[{"embeddable":true,"href":"https:\/\/brenzikofen.ch\/index.php\/wp-json\/wp\/v2\/pages\/163"}],"wp:attachment":[{"href":"https:\/\/brenzikofen.ch\/index.php\/wp-json\/wp\/v2\/media?parent=171"}],"curies":[{"name":"wp","href":"https:\/\/api.w.org\/{rel}","templated":true}]}}