{"id":165,"date":"2020-06-26T11:23:29","date_gmt":"2020-06-26T11:23:29","guid":{"rendered":"https:\/\/brenzikofen.vogt-elektro.ch\/?page_id=165"},"modified":"2023-01-24T14:48:02","modified_gmt":"2023-01-24T14:48:02","slug":"bauen","status":"publish","type":"page","link":"https:\/\/brenzikofen.ch\/index.php\/gemeinde\/kommissionen\/bauen\/","title":{"rendered":"Bauen"},"content":{"rendered":"\n<figure class=\"wp-block-table\"><table><tbody><tr><td><strong>Thomas Ramseier<br><\/strong>Pr\u00e4sident<\/td><td>Oppligenstrasse 6<br>3671 Brenzikofen<\/td><td>M: 079 624 04 26<\/td><\/tr><tr><td><strong>Philipp Kunz<br><\/strong>Vize-Pr\u00e4sident<\/td><td>Sonnrain 1<br>3671 Brenzikofen<\/td><td>M: 079 667 17 13<\/td><\/tr><tr><td><strong>Sandra Kr\u00e4henb\u00fchl<\/strong><\/td><td>Chatzestyg 2<br>3671 Brenzikofen<\/td><td>P: 079 542 93 89<\/td><\/tr><tr><td><strong>Bernhard Rupp<\/strong><\/td><td>B\u00e4llizstrasse 41<br>3671 Brenzikofen<\/td><td>M: 079 648 70 65<\/td><\/tr><\/tbody><\/table><\/figure>\n\n\n\n<p><\/p>\n","protected":false},"excerpt":{"rendered":"<p>Thomas RamseierPr\u00e4sident Oppligenstrasse 63671 Brenzikofen M: 079 624 04 26 Philipp KunzVize-Pr\u00e4sident Sonnrain 13671 Brenzikofen M: 079 667 17 13 Sandra Kr\u00e4henb\u00fchl Chatzestyg 23671 Brenzikofen P: 079 542 93 89 Bernhard Rupp B\u00e4llizstrasse 413671 Brenzikofen M: 079 648 70 65<\/p>\n","protected":false},"author":1,"featured_media":0,"parent":163,"menu_order":0,"comment_status":"closed","ping_status":"closed","template":"","meta":{"_expiration-date-status":"saved","_expiration-date":0,"_expiration-date-type":"","_expiration-date-categories":[],"_expiration-date-options":[],"footnotes":""},"_links":{"self":[{"href":"https:\/\/brenzikofen.ch\/index.php\/wp-json\/wp\/v2\/pages\/165"}],"collection":[{"href":"https:\/\/brenzikofen.ch\/index.php\/wp-json\/wp\/v2\/pages"}],"about":[{"href":"https:\/\/brenzikofen.ch\/index.php\/wp-json\/wp\/v2\/types\/page"}],"author":[{"embeddable":true,"href":"https:\/\/brenzikofen.ch\/index.php\/wp-json\/wp\/v2\/users\/1"}],"replies":[{"embeddable":true,"href":"https:\/\/brenzikofen.ch\/index.php\/wp-json\/wp\/v2\/comments?post=165"}],"version-history":[{"count":6,"href":"https:\/\/brenzikofen.ch\/index.php\/wp-json\/wp\/v2\/pages\/165\/revisions"}],"predecessor-version":[{"id":1439,"href":"https:\/\/brenzikofen.ch\/index.php\/wp-json\/wp\/v2\/pages\/165\/revisions\/1439"}],"up":[{"embeddable":true,"href":"https:\/\/brenzikofen.ch\/index.php\/wp-json\/wp\/v2\/pages\/163"}],"wp:attachment":[{"href":"https:\/\/brenzikofen.ch\/index.php\/wp-json\/wp\/v2\/media?parent=165"}],"curies":[{"name":"wp","href":"https:\/\/api.w.org\/{rel}","templated":true}]}}