{"id":163,"date":"2020-06-26T11:22:03","date_gmt":"2020-06-26T11:22:03","guid":{"rendered":"https:\/\/brenzikofen.vogt-elektro.ch\/?page_id=163"},"modified":"2023-07-11T05:41:51","modified_gmt":"2023-07-11T05:41:51","slug":"kommissionen","status":"publish","type":"page","link":"https:\/\/brenzikofen.ch\/index.php\/gemeinde\/kommissionen\/","title":{"rendered":"Kommissionen"},"content":{"rendered":"\n<figure class=\"wp-block-table\"><table><tbody><tr><td><strong>Baukommission<\/strong><\/td><td>Thomas Ramseier<br>Oppligenstrasse 6<br>3671 Brenzikofen<\/td><td>M: 079 624 04 26<\/td><\/tr><tr><td><strong>Feuerwehrkommission<\/strong><\/td><td>Benjamin K\u00e4nzig<br>3627 Heimberg<\/td><td>M: 079 758 21 32<\/td><\/tr><tr><td><strong>Schulkommission<\/strong><\/td><td>Thomas Kr\u00e4henb\u00fchl<br>Dorfstrasse 19b<br>3671 Brenzikofen<\/td><td>P: 079 843 79 69<\/td><\/tr><tr><td><strong>Wasser-\/Abwasserkommission<\/strong><\/td><td>Sabrina Oppliger<br>B\u00e4llizstrasse 16<br>3671 Brenzikofen<\/td><td>M: 079 238 55 92<\/td><\/tr><\/tbody><\/table><\/figure>\n\n\n\n<p><\/p>\n","protected":false},"excerpt":{"rendered":"<p>Baukommission Thomas RamseierOppligenstrasse 63671 Brenzikofen M: 079 624 04 26 Feuerwehrkommission Benjamin K\u00e4nzig3627 Heimberg M: 079 758 21 32 Schulkommission Thomas Kr\u00e4henb\u00fchlDorfstrasse 19b3671 Brenzikofen P: 079 843 79 69 Wasser-\/Abwasserkommission Sabrina OppligerB\u00e4llizstrasse 163671 Brenzikofen M: 079 238 55 92<\/p>\n","protected":false},"author":1,"featured_media":0,"parent":81,"menu_order":0,"comment_status":"closed","ping_status":"closed","template":"","meta":{"_expiration-date-status":"saved","_expiration-date":0,"_expiration-date-type":"","_expiration-date-categories":[],"_expiration-date-options":[],"footnotes":""},"_links":{"self":[{"href":"https:\/\/brenzikofen.ch\/index.php\/wp-json\/wp\/v2\/pages\/163"}],"collection":[{"href":"https:\/\/brenzikofen.ch\/index.php\/wp-json\/wp\/v2\/pages"}],"about":[{"href":"https:\/\/brenzikofen.ch\/index.php\/wp-json\/wp\/v2\/types\/page"}],"author":[{"embeddable":true,"href":"https:\/\/brenzikofen.ch\/index.php\/wp-json\/wp\/v2\/users\/1"}],"replies":[{"embeddable":true,"href":"https:\/\/brenzikofen.ch\/index.php\/wp-json\/wp\/v2\/comments?post=163"}],"version-history":[{"count":4,"href":"https:\/\/brenzikofen.ch\/index.php\/wp-json\/wp\/v2\/pages\/163\/revisions"}],"predecessor-version":[{"id":1589,"href":"https:\/\/brenzikofen.ch\/index.php\/wp-json\/wp\/v2\/pages\/163\/revisions\/1589"}],"up":[{"embeddable":true,"href":"https:\/\/brenzikofen.ch\/index.php\/wp-json\/wp\/v2\/pages\/81"}],"wp:attachment":[{"href":"https:\/\/brenzikofen.ch\/index.php\/wp-json\/wp\/v2\/media?parent=163"}],"curies":[{"name":"wp","href":"https:\/\/api.w.org\/{rel}","templated":true}]}}