{"id":157,"date":"2020-06-26T11:18:27","date_gmt":"2020-06-26T11:18:27","guid":{"rendered":"https:\/\/brenzikofen.vogt-elektro.ch\/?page_id=157"},"modified":"2026-01-07T14:14:05","modified_gmt":"2026-01-07T14:14:05","slug":"zahlen-und-fakten","status":"publish","type":"page","link":"https:\/\/brenzikofen.ch\/index.php\/gemeinde\/zahlen-und-fakten\/","title":{"rendered":"Zahlen und Fakten"},"content":{"rendered":"\n<p><strong>Gemeindefl\u00e4che:<\/strong> 2,2 km2 (davon 0,76 km2 Wald)<\/p>\n\n\n\n<figure class=\"wp-block-table\"><table><tbody><tr><td><strong>Einwohnerzahlen per 31.12.2025<\/strong><\/td><td><strong>Total<\/strong><\/td><td><strong>M\u00e4nnlich<\/strong><\/td><td><strong>Weiblich<\/strong><\/td><\/tr><tr><td><\/td><td>534<\/td><td>267<\/td><td>267<\/td><\/tr><tr><td>davon Ausl\u00e4nder<\/td><td>18<\/td><td>11<\/td><td>7<\/td><\/tr><\/tbody><\/table><\/figure>\n\n\n\n<p><\/p>\n","protected":false},"excerpt":{"rendered":"<p>Gemeindefl\u00e4che: 2,2 km2 (davon 0,76 km2 Wald) Einwohnerzahlen per 31.12.2025 Total M\u00e4nnlich Weiblich 534 267 267 davon Ausl\u00e4nder 18 11 7<\/p>\n","protected":false},"author":1,"featured_media":0,"parent":81,"menu_order":2,"comment_status":"closed","ping_status":"closed","template":"","meta":{"_expiration-date-status":"saved","_expiration-date":0,"_expiration-date-type":"","_expiration-date-categories":[],"_expiration-date-options":[],"footnotes":""},"_links":{"self":[{"href":"https:\/\/brenzikofen.ch\/index.php\/wp-json\/wp\/v2\/pages\/157"}],"collection":[{"href":"https:\/\/brenzikofen.ch\/index.php\/wp-json\/wp\/v2\/pages"}],"about":[{"href":"https:\/\/brenzikofen.ch\/index.php\/wp-json\/wp\/v2\/types\/page"}],"author":[{"embeddable":true,"href":"https:\/\/brenzikofen.ch\/index.php\/wp-json\/wp\/v2\/users\/1"}],"replies":[{"embeddable":true,"href":"https:\/\/brenzikofen.ch\/index.php\/wp-json\/wp\/v2\/comments?post=157"}],"version-history":[{"count":12,"href":"https:\/\/brenzikofen.ch\/index.php\/wp-json\/wp\/v2\/pages\/157\/revisions"}],"predecessor-version":[{"id":2342,"href":"https:\/\/brenzikofen.ch\/index.php\/wp-json\/wp\/v2\/pages\/157\/revisions\/2342"}],"up":[{"embeddable":true,"href":"https:\/\/brenzikofen.ch\/index.php\/wp-json\/wp\/v2\/pages\/81"}],"wp:attachment":[{"href":"https:\/\/brenzikofen.ch\/index.php\/wp-json\/wp\/v2\/media?parent=157"}],"curies":[{"name":"wp","href":"https:\/\/api.w.org\/{rel}","templated":true}]}}